{"id":42,"date":"2018-07-28T12:58:34","date_gmt":"2018-07-28T12:58:34","guid":{"rendered":"http:\/\/www.xn--koskelankylnwalo-5nb.fi\/?page_id=42"},"modified":"2022-08-11T08:55:09","modified_gmt":"2022-08-11T08:55:09","slug":"tilojen-vuokraus","status":"publish","type":"page","link":"https:\/\/www.xn--koskelankylnwalo-5nb.fi\/?page_id=42","title":{"rendered":"Tilojen vuokraus"},"content":{"rendered":"<p>Tiedustelut ja varaukset:<\/p>\n<p>puhelin: 040 7070532<\/p>\n<p>s\u00e4hk\u00f6posti: koskelankylanwalo@gmail.com<\/p>\n<p>Sali (11,5 m x 16,5 m), iso eteisaula ja naulakot, kahvio ja keitti\u00f6, wc-tilat kellarissa sek\u00e4 inva-wc keitti\u00f6n vieress\u00e4.<\/p>\n<p>Saliin voidaan j\u00e4rjest\u00e4\u00e4 istumapaikkoja noin 200 ihmiselle. Siirrett\u00e4vi\u00e4 p\u00f6yti\u00e4 on 20 kpl (noin 80 paikkaa) ja lis\u00e4ksi kahvion 10 p\u00f6yt\u00e4\u00e4 (nelj\u00e4n hengen p\u00f6yti\u00e4). Niist\u00e4 voidaan j\u00e4rjest\u00e4\u00e4 p\u00f6yt\u00e4paikkoja noin 120 ruokailijalle.<\/p>\n<p>Lis\u00e4ksi videotykki, valkokangas, televisio.<\/p>\n<p>Kahviastiasto kakkulautasineen 150 hengelle, kaksi j\u00e4\u00e4viile\u00e4kaappia, astianpesukone, kahvinkeittimet ja s\u00e4hk\u00f6inen kahvintarjoilus\u00e4ili\u00f6.<\/p>\n<p>Tilat palautetaan j\u00e4rjestettyin\u00e4 ja siivottuina. Siivouksen voi my\u00f6s ostaa Walolta.<\/p>\n","protected":false},"excerpt":{"rendered":"<p>Tiedustelut ja varaukset: puhelin: 040 7070532 s\u00e4hk\u00f6posti: koskelankylanwalo@gmail.com Sali (11,5 m x 16,5 m), iso eteisaula ja naulakot, kahvio ja keitti\u00f6, wc-tilat kellarissa sek\u00e4 inva-wc keitti\u00f6n vieress\u00e4. Saliin voidaan j\u00e4rjest\u00e4\u00e4 istumapaikkoja noin 200 ihmiselle. Siirrett\u00e4vi\u00e4 p\u00f6yti\u00e4 on 20 kpl (noin 80 paikkaa) ja lis\u00e4ksi kahvion 10 p\u00f6yt\u00e4\u00e4 (nelj\u00e4n hengen p\u00f6yti\u00e4). Niist\u00e4 voidaan j\u00e4rjest\u00e4\u00e4 p\u00f6yt\u00e4paikkoja noin<\/p><\/div>\n<div class=\"blog-btn\"><a href=\"https:\/\/www.xn--koskelankylnwalo-5nb.fi\/?page_id=42\" class=\"home-blog-btn\">Lue lis\u00e4\u00e4<\/a><\/p>\n","protected":false},"author":1,"featured_media":0,"parent":0,"menu_order":0,"comment_status":"closed","ping_status":"closed","template":"","meta":[],"_links":{"self":[{"href":"https:\/\/www.xn--koskelankylnwalo-5nb.fi\/index.php?rest_route=\/wp\/v2\/pages\/42"}],"collection":[{"href":"https:\/\/www.xn--koskelankylnwalo-5nb.fi\/index.php?rest_route=\/wp\/v2\/pages"}],"about":[{"href":"https:\/\/www.xn--koskelankylnwalo-5nb.fi\/index.php?rest_route=\/wp\/v2\/types\/page"}],"author":[{"embeddable":true,"href":"https:\/\/www.xn--koskelankylnwalo-5nb.fi\/index.php?rest_route=\/wp\/v2\/users\/1"}],"replies":[{"embeddable":true,"href":"https:\/\/www.xn--koskelankylnwalo-5nb.fi\/index.php?rest_route=%2Fwp%2Fv2%2Fcomments&post=42"}],"version-history":[{"count":10,"href":"https:\/\/www.xn--koskelankylnwalo-5nb.fi\/index.php?rest_route=\/wp\/v2\/pages\/42\/revisions"}],"predecessor-version":[{"id":331,"href":"https:\/\/www.xn--koskelankylnwalo-5nb.fi\/index.php?rest_route=\/wp\/v2\/pages\/42\/revisions\/331"}],"wp:attachment":[{"href":"https:\/\/www.xn--koskelankylnwalo-5nb.fi\/index.php?rest_route=%2Fwp%2Fv2%2Fmedia&parent=42"}],"curies":[{"name":"wp","href":"https:\/\/api.w.org\/{rel}","templated":true}]}}